{"id":700,"date":"2023-12-24T18:24:07","date_gmt":"2023-12-24T17:24:07","guid":{"rendered":"https:\/\/erreginak.eus\/?post_type=product&#038;p=700"},"modified":"2025-11-25T10:57:27","modified_gmt":"2025-11-25T09:57:27","slug":"erregina-estaliak-es-1-12-20-2023","status":"publish","type":"product","link":"https:\/\/erreginak.eus\/cas\/producto\/erregina-estaliak-es-1-12-20-2023\/","title":{"rendered":"Reinas apareadas ES-1-12-20-2023"},"content":{"rendered":"","protected":false},"excerpt":{"rendered":"<p class=\"-zerrenda-western\" align=\"left\"><span style=\"font-family: Calibri, sans-serif;\"><span style=\"font-size: small;\">Reina reci\u00e9n apareada de al menos 35 d\u00edas, que ha estado incubando hasta el operculado de la cr\u00eda. Se entrega con 6-8 abejas acompa\u00f1antes y candi en la jaula.<\/span><\/span><\/p>","protected":false},"featured_media":2662,"template":"","meta":{"_uag_custom_page_level_css":"","site-sidebar-layout":"default","site-content-layout":"","ast-site-content-layout":"default","site-content-style":"default","site-sidebar-style":"default","ast-global-header-display":"","ast-banner-title-visibility":"","ast-main-header-display":"","ast-hfb-above-header-display":"","ast-hfb-below-header-display":"","ast-hfb-mobile-header-display":"","site-post-title":"","ast-breadcrumbs-content":"","ast-featured-img":"","footer-sml-layout":"","theme-transparent-header-meta":"default","adv-header-id-meta":"","stick-header-meta":"","header-above-stick-meta":"","header-main-stick-meta":"","header-below-stick-meta":"","astra-migrate-meta-layouts":"set","ast-page-background-enabled":"default","ast-page-background-meta":{"desktop":{"background-color":"","background-image":"","background-repeat":"repeat","background-position":"center center","background-size":"auto","background-attachment":"scroll","background-type":"","background-media":"","overlay-type":"","overlay-color":"","overlay-opacity":"","overlay-gradient":""},"tablet":{"background-color":"","background-image":"","background-repeat":"repeat","background-position":"center center","background-size":"auto","background-attachment":"scroll","background-type":"","background-media":"","overlay-type":"","overlay-color":"","overlay-opacity":"","overlay-gradient":""},"mobile":{"background-color":"","background-image":"","background-repeat":"repeat","background-position":"center center","background-size":"auto","background-attachment":"scroll","background-type":"","background-media":"","overlay-type":"","overlay-color":"","overlay-opacity":"","overlay-gradient":""}},"ast-content-background-meta":{"desktop":{"background-color":"var(--ast-global-color-5)","background-image":"","background-repeat":"repeat","background-position":"center center","background-size":"auto","background-attachment":"scroll","background-type":"","background-media":"","overlay-type":"","overlay-color":"","overlay-opacity":"","overlay-gradient":""},"tablet":{"background-color":"var(--ast-global-color-5)","background-image":"","background-repeat":"repeat","background-position":"center center","background-size":"auto","background-attachment":"scroll","background-type":"","background-media":"","overlay-type":"","overlay-color":"","overlay-opacity":"","overlay-gradient":""},"mobile":{"background-color":"var(--ast-global-color-5)","background-image":"","background-repeat":"repeat","background-position":"center center","background-size":"auto","background-attachment":"scroll","background-type":"","background-media":"","overlay-type":"","overlay-color":"","overlay-opacity":"","overlay-gradient":""}}},"product_brand":[],"product_cat":[60],"product_tag":[],"class_list":{"0":"post-700","1":"product","2":"type-product","3":"status-publish","4":"has-post-thumbnail","6":"product_cat-negua-pasatutako-erregina-estaliak","7":"desktop-align-left","8":"tablet-align-left","9":"mobile-align-left","11":"first","12":"outofstock","13":"taxable","14":"shipping-taxable","15":"purchasable","16":"product-type-simple"},"uagb_featured_image_src":{"full":["https:\/\/erreginak.eus\/wp-content\/uploads\/2024\/07\/Estalitako-erreginak.jpg",1600,1600,false],"thumbnail":["https:\/\/erreginak.eus\/wp-content\/uploads\/2024\/07\/Estalitako-erreginak-150x150.jpg",150,150,true],"medium":["https:\/\/erreginak.eus\/wp-content\/uploads\/2024\/07\/Estalitako-erreginak-300x300.jpg",300,300,true],"medium_large":["https:\/\/erreginak.eus\/wp-content\/uploads\/2024\/07\/Estalitako-erreginak-768x768.jpg",768,768,true],"large":["https:\/\/erreginak.eus\/wp-content\/uploads\/2024\/07\/Estalitako-erreginak-1024x1024.jpg",1024,1024,true],"1536x1536":["https:\/\/erreginak.eus\/wp-content\/uploads\/2024\/07\/Estalitako-erreginak-1536x1536.jpg",1536,1536,true],"2048x2048":["https:\/\/erreginak.eus\/wp-content\/uploads\/2024\/07\/Estalitako-erreginak.jpg",1600,1600,false],"trp-custom-language-flag":["https:\/\/erreginak.eus\/wp-content\/uploads\/2024\/07\/Estalitako-erreginak.jpg",12,12,false],"woocommerce_thumbnail":["https:\/\/erreginak.eus\/wp-content\/uploads\/2024\/07\/Estalitako-erreginak-300x300.jpg",300,300,true],"woocommerce_single":["https:\/\/erreginak.eus\/wp-content\/uploads\/2024\/07\/Estalitako-erreginak-600x600.jpg",600,600,true],"woocommerce_gallery_thumbnail":["https:\/\/erreginak.eus\/wp-content\/uploads\/2024\/07\/Estalitako-erreginak-100x100.jpg",100,100,true]},"uagb_author_info":{"display_name":"erreginak.eus-admin","author_link":"https:\/\/erreginak.eus\/cas\/author\/"},"uagb_comment_info":0,"uagb_excerpt":"Estali berria den erregina, gutxienez 35 eguneko adina duena eta operkulatu arte errun duena. 6-8 erle laguntzailerekin eta kandiarekin dator kaiolan.","_links":{"self":[{"href":"https:\/\/erreginak.eus\/cas\/wp-json\/wp\/v2\/product\/700","targetHints":{"allow":["GET"]}}],"collection":[{"href":"https:\/\/erreginak.eus\/cas\/wp-json\/wp\/v2\/product"}],"about":[{"href":"https:\/\/erreginak.eus\/cas\/wp-json\/wp\/v2\/types\/product"}],"wp:featuredmedia":[{"embeddable":true,"href":"https:\/\/erreginak.eus\/cas\/wp-json\/wp\/v2\/media\/2662"}],"wp:attachment":[{"href":"https:\/\/erreginak.eus\/cas\/wp-json\/wp\/v2\/media?parent=700"}],"wp:term":[{"taxonomy":"product_brand","embeddable":true,"href":"https:\/\/erreginak.eus\/cas\/wp-json\/wp\/v2\/product_brand?post=700"},{"taxonomy":"product_cat","embeddable":true,"href":"https:\/\/erreginak.eus\/cas\/wp-json\/wp\/v2\/product_cat?post=700"},{"taxonomy":"product_tag","embeddable":true,"href":"https:\/\/erreginak.eus\/cas\/wp-json\/wp\/v2\/product_tag?post=700"}],"curies":[{"name":"wp","href":"https:\/\/api.w.org\/{rel}","templated":true}]}}