{"id":2972,"date":"2024-10-17T16:26:27","date_gmt":"2024-10-17T14:26:27","guid":{"rendered":"https:\/\/erreginak.eus\/?post_type=product&#038;p=2972"},"modified":"2025-11-14T13:43:57","modified_gmt":"2025-11-14T12:43:57","slug":"paketea-urteko-erreginarekin-erreserbakoa","status":"publish","type":"product","link":"https:\/\/erreginak.eus\/cas\/producto\/paketea-urteko-erreginarekin-erreserbakoa\/","title":{"rendered":"Paquete con reina del a\u00f1o (RESERVAR)"},"content":{"rendered":"","protected":false},"excerpt":{"rendered":"<p class=\"-zerrenda-western\" align=\"left\"><span style=\"font-family: Calibri, sans-serif;\"><span style=\"font-size: small;\"><strong>Realiza la reserva ahora y rec\u00edbela en primavera.<\/strong><br \/>\n1,4 kg de abejas j\u00f3venes + una reina reci\u00e9n apareada, de al menos 35 d\u00edas de edad y que haya incubado hasta el operculado. La reina viene con 6-8 abejas acompa\u00f1antes y candi en la jaula.<\/span><\/span><\/p>","protected":false},"featured_media":2667,"template":"","meta":{"_uag_custom_page_level_css":"","site-sidebar-layout":"default","site-content-layout":"","ast-site-content-layout":"default","site-content-style":"default","site-sidebar-style":"default","ast-global-header-display":"","ast-banner-title-visibility":"","ast-main-header-display":"","ast-hfb-above-header-display":"","ast-hfb-below-header-display":"","ast-hfb-mobile-header-display":"","site-post-title":"","ast-breadcrumbs-content":"","ast-featured-img":"","footer-sml-layout":"","theme-transparent-header-meta":"default","adv-header-id-meta":"","stick-header-meta":"","header-above-stick-meta":"","header-main-stick-meta":"","header-below-stick-meta":"","astra-migrate-meta-layouts":"set","ast-page-background-enabled":"default","ast-page-background-meta":{"desktop":{"background-color":"","background-image":"","background-repeat":"repeat","background-position":"center center","background-size":"auto","background-attachment":"scroll","background-type":"","background-media":"","overlay-type":"","overlay-color":"","overlay-opacity":"","overlay-gradient":""},"tablet":{"background-color":"","background-image":"","background-repeat":"repeat","background-position":"center center","background-size":"auto","background-attachment":"scroll","background-type":"","background-media":"","overlay-type":"","overlay-color":"","overlay-opacity":"","overlay-gradient":""},"mobile":{"background-color":"","background-image":"","background-repeat":"repeat","background-position":"center center","background-size":"auto","background-attachment":"scroll","background-type":"","background-media":"","overlay-type":"","overlay-color":"","overlay-opacity":"","overlay-gradient":""}},"ast-content-background-meta":{"desktop":{"background-color":"var(--ast-global-color-5)","background-image":"","background-repeat":"repeat","background-position":"center center","background-size":"auto","background-attachment":"scroll","background-type":"","background-media":"","overlay-type":"","overlay-color":"","overlay-opacity":"","overlay-gradient":""},"tablet":{"background-color":"var(--ast-global-color-5)","background-image":"","background-repeat":"repeat","background-position":"center center","background-size":"auto","background-attachment":"scroll","background-type":"","background-media":"","overlay-type":"","overlay-color":"","overlay-opacity":"","overlay-gradient":""},"mobile":{"background-color":"var(--ast-global-color-5)","background-image":"","background-repeat":"repeat","background-position":"center center","background-size":"auto","background-attachment":"scroll","background-type":"","background-media":"","overlay-type":"","overlay-color":"","overlay-opacity":"","overlay-gradient":""}}},"product_brand":[],"product_cat":[40],"product_tag":[],"class_list":{"0":"post-2972","1":"product","2":"type-product","3":"status-publish","4":"has-post-thumbnail","6":"product_cat-paketea-urteko-erreginarekin","7":"desktop-align-left","8":"tablet-align-left","9":"mobile-align-left","11":"first","12":"instock","13":"taxable","14":"shipping-taxable","15":"purchasable","16":"product-type-simple"},"uagb_featured_image_src":{"full":["https:\/\/erreginak.eus\/wp-content\/uploads\/2024\/07\/Paketea-urteko-erreginarekin-1.jpg",1600,1600,false],"thumbnail":["https:\/\/erreginak.eus\/wp-content\/uploads\/2024\/07\/Paketea-urteko-erreginarekin-1-150x150.jpg",150,150,true],"medium":["https:\/\/erreginak.eus\/wp-content\/uploads\/2024\/07\/Paketea-urteko-erreginarekin-1-300x300.jpg",300,300,true],"medium_large":["https:\/\/erreginak.eus\/wp-content\/uploads\/2024\/07\/Paketea-urteko-erreginarekin-1-768x768.jpg",768,768,true],"large":["https:\/\/erreginak.eus\/wp-content\/uploads\/2024\/07\/Paketea-urteko-erreginarekin-1-1024x1024.jpg",1024,1024,true],"1536x1536":["https:\/\/erreginak.eus\/wp-content\/uploads\/2024\/07\/Paketea-urteko-erreginarekin-1-1536x1536.jpg",1536,1536,true],"2048x2048":["https:\/\/erreginak.eus\/wp-content\/uploads\/2024\/07\/Paketea-urteko-erreginarekin-1.jpg",1600,1600,false],"trp-custom-language-flag":["https:\/\/erreginak.eus\/wp-content\/uploads\/2024\/07\/Paketea-urteko-erreginarekin-1.jpg",12,12,false],"woocommerce_thumbnail":["https:\/\/erreginak.eus\/wp-content\/uploads\/2024\/07\/Paketea-urteko-erreginarekin-1-300x300.jpg",300,300,true],"woocommerce_single":["https:\/\/erreginak.eus\/wp-content\/uploads\/2024\/07\/Paketea-urteko-erreginarekin-1-600x600.jpg",600,600,true],"woocommerce_gallery_thumbnail":["https:\/\/erreginak.eus\/wp-content\/uploads\/2024\/07\/Paketea-urteko-erreginarekin-1-100x100.jpg",100,100,true]},"uagb_author_info":{"display_name":"erreginak.eus-admin","author_link":"https:\/\/erreginak.eus\/cas\/author\/"},"uagb_comment_info":0,"uagb_excerpt":"Erreserbatu orain eta jaso udaberrian. 1,4 kg erle gazte + estali berria den erregina, gutxienez 35 eguneko adina duena eta operkulatu arte errun duena. Erregina 6-8 erle laguntzailerekin eta kandiarekin dator kaiolan.","_links":{"self":[{"href":"https:\/\/erreginak.eus\/cas\/wp-json\/wp\/v2\/product\/2972","targetHints":{"allow":["GET"]}}],"collection":[{"href":"https:\/\/erreginak.eus\/cas\/wp-json\/wp\/v2\/product"}],"about":[{"href":"https:\/\/erreginak.eus\/cas\/wp-json\/wp\/v2\/types\/product"}],"wp:featuredmedia":[{"embeddable":true,"href":"https:\/\/erreginak.eus\/cas\/wp-json\/wp\/v2\/media\/2667"}],"wp:attachment":[{"href":"https:\/\/erreginak.eus\/cas\/wp-json\/wp\/v2\/media?parent=2972"}],"wp:term":[{"taxonomy":"product_brand","embeddable":true,"href":"https:\/\/erreginak.eus\/cas\/wp-json\/wp\/v2\/product_brand?post=2972"},{"taxonomy":"product_cat","embeddable":true,"href":"https:\/\/erreginak.eus\/cas\/wp-json\/wp\/v2\/product_cat?post=2972"},{"taxonomy":"product_tag","embeddable":true,"href":"https:\/\/erreginak.eus\/cas\/wp-json\/wp\/v2\/product_tag?post=2972"}],"curies":[{"name":"wp","href":"https:\/\/api.w.org\/{rel}","templated":true}]}}