{"id":2465,"date":"2024-06-17T13:01:42","date_gmt":"2024-06-17T11:01:42","guid":{"rendered":"http:\/\/erreginak.d549.dinaserver.com\/?page_id=2465"},"modified":"2024-10-10T19:03:25","modified_gmt":"2024-10-10T17:03:25","slug":"legal-abisua","status":"publish","type":"page","link":"https:\/\/erreginak.eus\/cas\/legal-abisua\/","title":{"rendered":"Aviso legal"},"content":{"rendered":"<div data-elementor-type=\"wp-page\" data-elementor-id=\"2465\" class=\"elementor elementor-2465\">\n\t\t\t\t<div class=\"elementor-element elementor-element-62805397 e-flex e-con-boxed wpr-particle-no wpr-jarallax-no wpr-parallax-no wpr-sticky-section-no wpr-equal-height-no e-con e-parent\" data-id=\"62805397\" data-element_type=\"container\" data-e-type=\"container\">\n\t\t\t\t\t<div class=\"e-con-inner\">\n\t\t\t\t<div class=\"elementor-element elementor-element-40424c96 elementor-widget elementor-widget-text-editor\" data-id=\"40424c96\" data-element_type=\"widget\" data-e-type=\"widget\" data-widget_type=\"text-editor.default\">\n\t\t\t\t<div class=\"elementor-widget-container\">\n\t\t\t\t\t\t\t\t\t<p>El presente aviso legal regula el uso del sitio web Erreginak.eus, que la Asociaci\u00f3n de Criadores de Abejas Negras ERBEL pone a disposici\u00f3n de todos los usuarios de Internet.<\/p><h3><strong>1. Aceptaci\u00f3n de las condiciones<\/strong><\/h3><p>El acceso y uso del sitio web Erreginak.eus est\u00e1 sujeto a las siguientes condiciones de uso. Al utilizar este sitio web, aceptas plenamente y sin reservas todas y cada una de las condiciones contenidas en este Aviso Legal. Si no est\u00e1s de acuerdo con alguna de las condiciones, no debes utilizar este sitio web.<\/p><h3><strong>2. Identificaci\u00f3n y comunicaci\u00f3n<\/strong><\/h3><p>En cumplimiento con el deber de informaci\u00f3n recogido en el art\u00edculo 10 de la Ley 34\/2002 de Servicios de la Sociedad de la Informaci\u00f3n y del Comercio Electr\u00f3nico, a continuaci\u00f3n se reflejan los siguientes datos:<\/p><ul><li>Titular: Erle Beltz Hazleen Elkartea<\/li><li>Direcci\u00f3n: Barrio Olaeta 6, Edificio Goizane, 20247 Zaldibia, GIPUZKOA<\/li><li>CIF: G75189597<\/li><li>Direcci\u00f3n de correo electr\u00f3nico: <a rel=\"noreferrer\">erbelerreginak@gmail.com<\/a><\/li><\/ul><h3><strong>3. Propiedad intelectual e industrial<\/strong><\/h3><p>Todos los contenidos del sitio web, incluyendo, sin car\u00e1cter limitativo, los textos, gr\u00e1ficos, im\u00e1genes, su dise\u00f1o y los derechos de propiedad intelectual que pudieran corresponder a dichos contenidos, as\u00ed como todas las marcas, nombres comerciales o cualquier otro signo distintivo son propiedad de Erle Beltz Hazleen Elkartea o de sus leg\u00edtimos propietarios, estando reservados todos los derechos sobre los mismos.<\/p><p>Queda prohibida cualquier acto de reproducci\u00f3n, distribuci\u00f3n, transformaci\u00f3n o comunicaci\u00f3n p\u00fablica de los contenidos sin el consentimiento expreso de Erle Beltz Hazleen Elkartea.<\/p><h3><strong>4. Responsabilidad del usuario<\/strong><\/h3><p>El usuario se compromete a hacer un uso adecuado del sitio web y de sus contenidos de conformidad con la ley, el presente Aviso Legal, y dem\u00e1s avisos, reglamentos de uso e instrucciones puestos en su conocimiento, as\u00ed como con la moral y las buenas costumbres generalmente aceptadas y el orden p\u00fablico.<\/p><h3><strong>5. Exclusi\u00f3n de garant\u00edas y responsabilidad<\/strong><\/h3><p>Erle Beltz Hazleen Elkartea no se hace responsable, en ning\u00fan caso, de los da\u00f1os y perjuicios de cualquier naturaleza que pudieran ocasionar, a t\u00edtulo enunciativo: errores u omisiones en los contenidos, falta de disponibilidad del sitio web, o la transmisi\u00f3n de virus o programas maliciosos o lesivos en los contenidos, a pesar de haber adoptado todas las medidas tecnol\u00f3gicas necesarias para evitarlo.<\/p><h3><strong>6. Modificaciones<\/strong><\/h3><p>Erle Beltz Hazleen Elkartea se reserva el derecho de efectuar sin previo aviso las modificaciones que considere oportunas en su sitio web, pudiendo cambiar, suprimir o a\u00f1adir tanto los contenidos y servicios que se presten a trav\u00e9s del mismo como la forma en la que \u00e9stos aparezcan presentados o localizados en su sitio web.<\/p><h3><strong>7. Enlaces<\/strong><\/h3><p>En el caso de que en Erreginak.eus se dispusiesen enlaces o hiperv\u00ednculos hacia otros sitios de Internet, Erle Beltz Hazleen Elkartea no ejercer\u00e1 ning\u00fan tipo de control sobre dichos sitios y contenidos. En ning\u00fan caso Erle Beltz Hazleen Elkartea asumir\u00e1 responsabilidad alguna por los contenidos de alg\u00fan enlace perteneciente a un sitio web ajeno, ni garantizar\u00e1 la disponibilidad t\u00e9cnica, calidad, fiabilidad, exactitud, amplitud, veracidad, validez y constitucionalidad de cualquier material o informaci\u00f3n contenida en ninguno de dichos hiperv\u00ednculos u otros sitios de Internet.<\/p><h3><strong>8. Derecho de exclusi\u00f3n<\/strong><\/h3><p>Erle Beltz Hazleen Elkartea se reserva el derecho a denegar o retirar el acceso a su sitio web y\/o a los servicios ofrecidos sin necesidad de preaviso, a instancia propia o de un tercero, a aquellos usuarios que incumplan las presentes Condiciones Generales de Uso.<\/p><h3><strong>9. Legislaci\u00f3n aplicable y jurisdicci\u00f3n<\/strong><\/h3><p>La relaci\u00f3n entre Erle Beltz Hazleen Elkartea y el usuario se regir\u00e1 por la normativa espa\u00f1ola vigente. Cualquier controversia se someter\u00e1 a los Juzgados y Tribunales de la ciudad de [localidad de preferencia], salvo que la ley aplicable disponga otra cosa.<\/p>\t\t\t\t\t\t\t\t<\/div>\n\t\t\t\t<\/div>\n\t\t\t\t\t<\/div>\n\t\t\t\t<\/div>\n\t\t\t\t<\/div>","protected":false},"excerpt":{"rendered":"<p>Lege ohar honek arautzen du nola erabili Erle Beltz Hazleen Elkarteak Interneteko erabiltzaile guztien eskura jartzen duen Erreginak.eus webgunea. 1. Baldintzak onartzea Erreginak.eus webgunera sartu eta hura erabiltzen duena erabilera baldintza hauei lotua dago. Webgune hau erabiltzean, osorik eta inolako erresalburik gabe onartzen ditu lege ohar honetan datozen baldintza guzti-guztiak. Ez badago ados baldintza horietakoren batekin, ez du webgunea erabili behar. 2. Identifikazioa eta jakinarazpena Informazioaren Gizarteko eta Merkataritza Elektronikoko Zerbitzuei buruzko 34\/2002 Legearen 10. artikuluak ezartzen duen informazio-betebeharra betez, hona hemen datuak: Titularra: Erle Beltz Hazleen Elkartea Helbidea: Olaeta auzoa 6, Goizane eraikina, 20247 Zaldibia, GIPUZKOA IKF: G75189597 Helbide elektronikoa: erbelerreginak@gmail.com 3. Jabetza intelektuala eta industriala Webgune honetan datozen edukiak \u2014hor sartzen dira, inolako mugarik gabe, testuak, grafikoak, irudiak, diseinua eta horiek izan ditzaketen jabetza intelektualeko eskubideak, orobat marka guztiak, izen komertzialak eta beste zeinahi ikur bereizgarri\u2014 Erle Beltz Hazleen Elkartearen jabetzakoak dira edo haren legezko jabeenak, eta horien gaineko eskubideak guztiz erresalbatuak daude. Debekatua dago edukiok erreproduzitzea, banatzea, eraldatzea edo publikoki jakinaraztea Erle Beltz Hazleen Elkartearen baimen espresik gabe. 4. Erabiltzailearen erantzukizuna Erabiltzaileak webgunearen eta bere edukien erabilera egokia egiteko konpromisoa hartzen du, horrela baitakarte legeak, lege-ohar honek, gainerako oharrek, erabilera-erregelamenduek eta jakinaren gainean jarritako jarraibideek, bai eta oro har onartutako moral eta ohitura onek eta ordena publikoak ere. 5. Bermeen eta erantzukizunen esklusioa Erle Beltz Hazleen Elkarteak ez du bere gain hartuko, sorburua edozein dela ere izan litekeen kalte edo galerarik, hala nola edukietan egon litekeen huts egiterik, webgunearen disponibilitate faltarik, eta birusen edo programa kaltegarrien edo eduki zaurgarrien transmisiorik, nahiz eta hori eragozteko behar diren neurri teknologiko guztiak hartuak izan. 6. Aldaketak Erle Beltz Hazleen Elkarteak eskubidea izango du aurrez jakinarazi gabe webgunean egoki irizten dizkion aldaketak egiteko. Aldatu, ezabatu edo gehitu egin ditzake bertan ematen diren edukiak eta zerbitzuak baita webgunean aurkezten diren modua edo agertzen diren tokia ere. 7. Loturak Erreginak.eus-en Interneteko beste gune batzuetako loturarik edo estekarik izanez gero, Erle Beltz Hazleen Elkarteak ez du gune eta eduki horien gaineko kontrolik izango. Erle Beltz Hazleen Elkarteak inola ere ez du bere gain hartuko webgune honetatik kanpoko loturetan ager litezkeen edukien gaineko erantzukizunik, eta ez du bermatuko delako Interneteko lotura edo gune horietan egon daitekeen informazioaren disponibilitate teknikorik, kalitaterik, fidagarritasunik, zehaztasunik, zabaltasunik, egiazkotasunik, baliozkotasunik eta konstituzionaltasunik. 8. Esklusiorako eskubidea Erle Beltz Hazleen Elkarteak eskubidea izango du (aurretik jakinarazi gabe beharrik izan gabe ere) bere webguneko eta\/edo zerbitzuetako sarbidea ukatu edo kentzeko (bai instantzia propioz eta bai hirugarren baten bidez) Erabilera Baldintza Orokor hauek urratzen dituzten erabiltzaileei. 9. Aplikagarri den legedia eta jurisdikzioa Erle Beltz Hazleen Elkartearen eta erabiltzailearen arteko harremanean Espainiako araudia egongo da indarrean. Edozein gatazka Iru\u00f1eko epaitegi eta auzitegien esku geldituko da, aplikatu beharreko legeak besterik xedatzen ez badu.<\/p>","protected":false},"author":1,"featured_media":0,"parent":0,"menu_order":0,"comment_status":"closed","ping_status":"closed","template":"","meta":{"_uag_custom_page_level_css":"","site-sidebar-layout":"default","site-content-layout":"","ast-site-content-layout":"default","site-content-style":"default","site-sidebar-style":"default","ast-global-header-display":"","ast-banner-title-visibility":"","ast-main-header-display":"","ast-hfb-above-header-display":"","ast-hfb-below-header-display":"","ast-hfb-mobile-header-display":"","site-post-title":"","ast-breadcrumbs-content":"","ast-featured-img":"","footer-sml-layout":"","theme-transparent-header-meta":"","adv-header-id-meta":"","stick-header-meta":"","header-above-stick-meta":"","header-main-stick-meta":"","header-below-stick-meta":"","astra-migrate-meta-layouts":"set","ast-page-background-enabled":"default","ast-page-background-meta":{"desktop":{"background-color":"","background-image":"","background-repeat":"repeat","background-position":"center center","background-size":"auto","background-attachment":"scroll","background-type":"","background-media":"","overlay-type":"","overlay-color":"","overlay-opacity":"","overlay-gradient":""},"tablet":{"background-color":"","background-image":"","background-repeat":"repeat","background-position":"center center","background-size":"auto","background-attachment":"scroll","background-type":"","background-media":"","overlay-type":"","overlay-color":"","overlay-opacity":"","overlay-gradient":""},"mobile":{"background-color":"","background-image":"","background-repeat":"repeat","background-position":"center center","background-size":"auto","background-attachment":"scroll","background-type":"","background-media":"","overlay-type":"","overlay-color":"","overlay-opacity":"","overlay-gradient":""}},"ast-content-background-meta":{"desktop":{"background-color":"var(--ast-global-color-5)","background-image":"","background-repeat":"repeat","background-position":"center center","background-size":"auto","background-attachment":"scroll","background-type":"","background-media":"","overlay-type":"","overlay-color":"","overlay-opacity":"","overlay-gradient":""},"tablet":{"background-color":"var(--ast-global-color-5)","background-image":"","background-repeat":"repeat","background-position":"center center","background-size":"auto","background-attachment":"scroll","background-type":"","background-media":"","overlay-type":"","overlay-color":"","overlay-opacity":"","overlay-gradient":""},"mobile":{"background-color":"var(--ast-global-color-5)","background-image":"","background-repeat":"repeat","background-position":"center center","background-size":"auto","background-attachment":"scroll","background-type":"","background-media":"","overlay-type":"","overlay-color":"","overlay-opacity":"","overlay-gradient":""}},"footnotes":""},"class_list":["post-2465","page","type-page","status-publish","hentry"],"uagb_featured_image_src":{"full":false,"thumbnail":false,"medium":false,"medium_large":false,"large":false,"1536x1536":false,"2048x2048":false,"trp-custom-language-flag":false,"woocommerce_thumbnail":false,"woocommerce_single":false,"woocommerce_gallery_thumbnail":false},"uagb_author_info":{"display_name":"erreginak.eus-admin","author_link":"https:\/\/erreginak.eus\/cas\/author\/erreginak-eus-admin\/"},"uagb_comment_info":0,"uagb_excerpt":"Lege ohar honek arautzen du nola erabili Erle Beltz Hazleen Elkarteak Interneteko erabiltzaile guztien eskura jartzen duen Erreginak.eus webgunea. 1. Baldintzak onartzea Erreginak.eus webgunera sartu eta hura erabiltzen duena erabilera baldintza hauei lotua dago. Webgune hau erabiltzean, osorik eta inolako erresalburik gabe onartzen ditu lege ohar honetan datozen baldintza guzti-guztiak. Ez badago ados baldintza horietakoren&hellip;","_links":{"self":[{"href":"https:\/\/erreginak.eus\/cas\/wp-json\/wp\/v2\/pages\/2465","targetHints":{"allow":["GET"]}}],"collection":[{"href":"https:\/\/erreginak.eus\/cas\/wp-json\/wp\/v2\/pages"}],"about":[{"href":"https:\/\/erreginak.eus\/cas\/wp-json\/wp\/v2\/types\/page"}],"author":[{"embeddable":true,"href":"https:\/\/erreginak.eus\/cas\/wp-json\/wp\/v2\/users\/1"}],"replies":[{"embeddable":true,"href":"https:\/\/erreginak.eus\/cas\/wp-json\/wp\/v2\/comments?post=2465"}],"version-history":[{"count":9,"href":"https:\/\/erreginak.eus\/cas\/wp-json\/wp\/v2\/pages\/2465\/revisions"}],"predecessor-version":[{"id":3157,"href":"https:\/\/erreginak.eus\/cas\/wp-json\/wp\/v2\/pages\/2465\/revisions\/3157"}],"wp:attachment":[{"href":"https:\/\/erreginak.eus\/cas\/wp-json\/wp\/v2\/media?parent=2465"}],"curies":[{"name":"wp","href":"https:\/\/api.w.org\/{rel}","templated":true}]}}