{"id":1057,"date":"2024-01-06T11:36:13","date_gmt":"2024-01-06T10:36:13","guid":{"rendered":"https:\/\/erreginak.eus\/?page_id=1057"},"modified":"2024-07-16T07:02:17","modified_gmt":"2024-07-16T05:02:17","slug":"nola-egin-eskaera","status":"publish","type":"page","link":"https:\/\/erreginak.eus\/cas\/nola-egin-eskaera\/","title":{"rendered":"Como realizar la compra?"},"content":{"rendered":"<div data-elementor-type=\"wp-page\" data-elementor-id=\"1057\" class=\"elementor elementor-1057\">\n\t\t\t\t\t\t<section class=\"elementor-section elementor-top-section elementor-element elementor-element-3a5104ce elementor-section-boxed elementor-section-height-default elementor-section-height-default wpr-particle-no wpr-jarallax-no wpr-parallax-no wpr-sticky-section-no wpr-equal-height-no\" data-id=\"3a5104ce\" data-element_type=\"section\" data-e-type=\"section\">\n\t\t\t\t\t\t<div class=\"elementor-container elementor-column-gap-wide\">\n\t\t\t\t\t<div class=\"elementor-column elementor-col-50 elementor-top-column elementor-element elementor-element-47266b8d\" data-id=\"47266b8d\" data-element_type=\"column\" data-e-type=\"column\">\n\t\t\t<div class=\"elementor-widget-wrap elementor-element-populated\">\n\t\t\t\t\t\t<div class=\"elementor-element elementor-element-2ac49b10 elementor-widget elementor-widget-image\" data-id=\"2ac49b10\" data-element_type=\"widget\" data-e-type=\"widget\" data-widget_type=\"image.default\">\n\t\t\t\t<div class=\"elementor-widget-container\">\n\t\t\t\t\t\t\t\t\t\t\t\t\t\t\t<img fetchpriority=\"high\" decoding=\"async\" width=\"600\" height=\"577\" src=\"https:\/\/erreginak.eus\/wp-content\/uploads\/2024\/07\/apicultor-con-abejas.jpg\" class=\"attachment-large size-large wp-image-2499\" alt=\"Apicultor con abjeas\" srcset=\"https:\/\/erreginak.eus\/wp-content\/uploads\/2024\/07\/apicultor-con-abejas.jpg 600w, https:\/\/erreginak.eus\/wp-content\/uploads\/2024\/07\/apicultor-con-abejas-300x289.jpg 300w\" sizes=\"(max-width: 600px) 100vw, 600px\" \/>\t\t\t\t\t\t\t\t\t\t\t\t\t\t\t<\/div>\n\t\t\t\t<\/div>\n\t\t\t\t\t<\/div>\n\t\t<\/div>\n\t\t\t\t<div class=\"elementor-column elementor-col-50 elementor-top-column elementor-element elementor-element-18e073fa\" data-id=\"18e073fa\" data-element_type=\"column\" data-e-type=\"column\">\n\t\t\t<div class=\"elementor-widget-wrap elementor-element-populated\">\n\t\t\t\t\t\t<div class=\"elementor-element elementor-element-50847f6a elementor-widget elementor-widget-heading\" data-id=\"50847f6a\" data-element_type=\"widget\" data-e-type=\"widget\" data-widget_type=\"heading.default\">\n\t\t\t\t<div class=\"elementor-widget-container\">\n\t\t\t\t\t<h2 class=\"elementor-heading-title elementor-size-default\">Como realizar la compra?\n<\/h2>\t\t\t\t<\/div>\n\t\t\t\t<\/div>\n\t\t\t\t<div class=\"elementor-element elementor-element-17a56251 wpr-feature-list-left wpr-feature-list-square wpr-feature-list-line-yes elementor-widget elementor-widget-wpr-feature-list\" data-id=\"17a56251\" data-element_type=\"widget\" data-e-type=\"widget\" data-widget_type=\"wpr-feature-list.default\">\n\t\t\t\t<div class=\"elementor-widget-container\">\n\t\t\t\t\t<div class=\"wpr-feature-list-wrap\"><ul class=\"wpr-feature-list\"><li class=\"wpr-feature-list-item elementor-repeater-item-c7e72ad\"><div class=\"wpr-feature-list-icon-wrap\"><span class=\"wpr-feature-list-line\"><\/span><div class=\"wpr-feature-list-icon-inner-wrap\"><svg aria-hidden=\"true\" class=\"e-font-icon-svg e-fab-forumbee\" viewbox=\"0 0 448 512\" xmlns=\"http:\/\/www.w3.org\/2000\/svg\"><path d=\"M5.8 309.7C2 292.7 0 275.5 0 258.3 0 135 99.8 35 223.1 35c16.6 0 33.3 2 49.3 5.5C149 87.5 51.9 186 5.8 309.7zm392.9-189.2C385 103 369 87.8 350.9 75.2c-149.6 44.3-266.3 162.1-309.7 312 12.5 18.1 28 35.6 45.2 49 43.1-151.3 161.2-271.7 312.3-315.7zm15.8 252.7c15.2-25.1 25.4-53.7 29.5-82.8-79.4 42.9-145 110.6-187.6 190.3 30-4.4 58.9-15.3 84.6-31.3 35 13.1 70.9 24.3 107 33.6-9.3-36.5-20.4-74.5-33.5-109.8zm29.7-145.5c-2.6-19.5-7.9-38.7-15.8-56.8C290.5 216.7 182 327.5 137.1 466c18.1 7.6 37 12.5 56.6 15.2C240 367.1 330.5 274.4 444.2 227.7z\"><\/path><\/svg><\/div><\/div><div class=\"wpr-feature-list-content-wrap\"><h2 class=\"wpr-feature-list-title\"><a class=\"wpr-feature-list-url\" target=\"_blank\" rel=\"nofollow\">Escoge<\/a><\/h2><p class=\"wpr-feature-list-description\">Ve al apartado de PRODUCTOS y escoge lo que quieras adquirir.\n<\/p><\/div><\/li><li class=\"wpr-feature-list-item elementor-repeater-item-0bdb6e7\"><div class=\"wpr-feature-list-icon-wrap\"><span class=\"wpr-feature-list-line\"><\/span><div class=\"wpr-feature-list-icon-inner-wrap\"><svg aria-hidden=\"true\" class=\"e-font-icon-svg e-fas-shopping-basket\" viewbox=\"0 0 576 512\" xmlns=\"http:\/\/www.w3.org\/2000\/svg\"><path d=\"M576 216v16c0 13.255-10.745 24-24 24h-8l-26.113 182.788C514.509 462.435 494.257 480 470.37 480H105.63c-23.887 0-44.139-17.565-47.518-41.212L32 256h-8c-13.255 0-24-10.745-24-24v-16c0-13.255 10.745-24 24-24h67.341l106.78-146.821c10.395-14.292 30.407-17.453 44.701-7.058 14.293 10.395 17.453 30.408 7.058 44.701L170.477 192h235.046L326.12 82.821c-10.395-14.292-7.234-34.306 7.059-44.701 14.291-10.395 34.306-7.235 44.701 7.058L484.659 192H552c13.255 0 24 10.745 24 24zM312 392V280c0-13.255-10.745-24-24-24s-24 10.745-24 24v112c0 13.255 10.745 24 24 24s24-10.745 24-24zm112 0V280c0-13.255-10.745-24-24-24s-24 10.745-24 24v112c0 13.255 10.745 24 24 24s24-10.745 24-24zm-224 0V280c0-13.255-10.745-24-24-24s-24 10.745-24 24v112c0 13.255 10.745 24 24 24s24-10.745 24-24z\"><\/path><\/svg><\/div><\/div><div class=\"wpr-feature-list-content-wrap\"><h2 class=\"wpr-feature-list-title\"><a class=\"wpr-feature-list-url\" target=\"_blank\" rel=\"nofollow\">Incl\u00fayelo en el carrito<\/a><\/h2><p class=\"wpr-feature-list-description\">Elige el origen de la reina mirando el c\u00f3digo de identificaci\u00f3n, y a\u00f1\u00e1delo al carrito.\n<\/p><\/div><\/li><li class=\"wpr-feature-list-item elementor-repeater-item-26aab58\"><div class=\"wpr-feature-list-icon-wrap\"><span class=\"wpr-feature-list-line\"><\/span><div class=\"wpr-feature-list-icon-inner-wrap\"><svg aria-hidden=\"true\" class=\"e-font-icon-svg e-fab-forumbee\" viewbox=\"0 0 448 512\" xmlns=\"http:\/\/www.w3.org\/2000\/svg\"><path d=\"M5.8 309.7C2 292.7 0 275.5 0 258.3 0 135 99.8 35 223.1 35c16.6 0 33.3 2 49.3 5.5C149 87.5 51.9 186 5.8 309.7zm392.9-189.2C385 103 369 87.8 350.9 75.2c-149.6 44.3-266.3 162.1-309.7 312 12.5 18.1 28 35.6 45.2 49 43.1-151.3 161.2-271.7 312.3-315.7zm15.8 252.7c15.2-25.1 25.4-53.7 29.5-82.8-79.4 42.9-145 110.6-187.6 190.3 30-4.4 58.9-15.3 84.6-31.3 35 13.1 70.9 24.3 107 33.6-9.3-36.5-20.4-74.5-33.5-109.8zm29.7-145.5c-2.6-19.5-7.9-38.7-15.8-56.8C290.5 216.7 182 327.5 137.1 466c18.1 7.6 37 12.5 56.6 15.2C240 367.1 330.5 274.4 444.2 227.7z\"><\/path><\/svg><\/div><\/div><div class=\"wpr-feature-list-content-wrap\"><h2 class=\"wpr-feature-list-title\"><a class=\"wpr-feature-list-url\" target=\"_blank\" rel=\"nofollow\">Sigue comprando<\/a><\/h2><p class=\"wpr-feature-list-description\">Continua realizando la compra de los productos o reinas que requieras.\n<\/p><\/div><\/li><li class=\"wpr-feature-list-item elementor-repeater-item-97b80ef\"><div class=\"wpr-feature-list-icon-wrap\"><span class=\"wpr-feature-list-line\"><\/span><div class=\"wpr-feature-list-icon-inner-wrap\"><svg aria-hidden=\"true\" class=\"e-font-icon-svg e-fas-shopping-basket\" viewbox=\"0 0 576 512\" xmlns=\"http:\/\/www.w3.org\/2000\/svg\"><path d=\"M576 216v16c0 13.255-10.745 24-24 24h-8l-26.113 182.788C514.509 462.435 494.257 480 470.37 480H105.63c-23.887 0-44.139-17.565-47.518-41.212L32 256h-8c-13.255 0-24-10.745-24-24v-16c0-13.255 10.745-24 24-24h67.341l106.78-146.821c10.395-14.292 30.407-17.453 44.701-7.058 14.293 10.395 17.453 30.408 7.058 44.701L170.477 192h235.046L326.12 82.821c-10.395-14.292-7.234-34.306 7.059-44.701 14.291-10.395 34.306-7.235 44.701 7.058L484.659 192H552c13.255 0 24 10.745 24 24zM312 392V280c0-13.255-10.745-24-24-24s-24 10.745-24 24v112c0 13.255 10.745 24 24 24s24-10.745 24-24zm112 0V280c0-13.255-10.745-24-24-24s-24 10.745-24 24v112c0 13.255 10.745 24 24 24s24-10.745 24-24zm-224 0V280c0-13.255-10.745-24-24-24s-24 10.745-24 24v112c0 13.255 10.745 24 24 24s24-10.745 24-24z\"><\/path><\/svg><\/div><\/div><div class=\"wpr-feature-list-content-wrap\"><h2 class=\"wpr-feature-list-title\"><a class=\"wpr-feature-list-url\" target=\"_blank\" rel=\"nofollow\">Carrito<\/a><\/h2><p class=\"wpr-feature-list-description\">Ve al carrito de compra y haz clic en FINALIZAR COMPRA.\n<\/p><\/div><\/li><li class=\"wpr-feature-list-item elementor-repeater-item-f62dd04\"><div class=\"wpr-feature-list-icon-wrap\"><span class=\"wpr-feature-list-line\"><\/span><div class=\"wpr-feature-list-icon-inner-wrap\"><svg aria-hidden=\"true\" class=\"e-font-icon-svg e-far-address-card\" viewbox=\"0 0 576 512\" xmlns=\"http:\/\/www.w3.org\/2000\/svg\"><path d=\"M528 32H48C21.5 32 0 53.5 0 80v352c0 26.5 21.5 48 48 48h480c26.5 0 48-21.5 48-48V80c0-26.5-21.5-48-48-48zm0 400H48V80h480v352zM208 256c35.3 0 64-28.7 64-64s-28.7-64-64-64-64 28.7-64 64 28.7 64 64 64zm-89.6 128h179.2c12.4 0 22.4-8.6 22.4-19.2v-19.2c0-31.8-30.1-57.6-67.2-57.6-10.8 0-18.7 8-44.8 8-26.9 0-33.4-8-44.8-8-37.1 0-67.2 25.8-67.2 57.6v19.2c0 10.6 10 19.2 22.4 19.2zM360 320h112c4.4 0 8-3.6 8-8v-16c0-4.4-3.6-8-8-8H360c-4.4 0-8 3.6-8 8v16c0 4.4 3.6 8 8 8zm0-64h112c4.4 0 8-3.6 8-8v-16c0-4.4-3.6-8-8-8H360c-4.4 0-8 3.6-8 8v16c0 4.4 3.6 8 8 8zm0-64h112c4.4 0 8-3.6 8-8v-16c0-4.4-3.6-8-8-8H360c-4.4 0-8 3.6-8 8v16c0 4.4 3.6 8 8 8z\"><\/path><\/svg><\/div><\/div><div class=\"wpr-feature-list-content-wrap\"><h2 class=\"wpr-feature-list-title\"><a class=\"wpr-feature-list-url\" target=\"_blank\" rel=\"nofollow\">Datos<\/a><\/h2><p class=\"wpr-feature-list-description\">Rellena el formulario con tus datos, y haz clic en ENVIAR PEDIDO. El productor recibir\u00e1 el pedido junto con tus datos.\n<\/p><\/div><\/li><li class=\"wpr-feature-list-item elementor-repeater-item-7138f76\"><div class=\"wpr-feature-list-icon-wrap\"><span class=\"wpr-feature-list-line\"><\/span><div class=\"wpr-feature-list-icon-inner-wrap\"><svg aria-hidden=\"true\" class=\"e-font-icon-svg e-fas-chess-queen\" viewbox=\"0 0 512 512\" xmlns=\"http:\/\/www.w3.org\/2000\/svg\"><path d=\"M256 112a56 56 0 1 0-56-56 56 56 0 0 0 56 56zm176 336H80a16 16 0 0 0-16 16v32a16 16 0 0 0 16 16h352a16 16 0 0 0 16-16v-32a16 16 0 0 0-16-16zm72.87-263.84l-28.51-15.92c-7.44-5-16.91-2.46-22.29 4.68a47.59 47.59 0 0 1-47.23 18.23C383.7 186.86 368 164.93 368 141.4a13.4 13.4 0 0 0-13.4-13.4h-38.77c-6 0-11.61 4-12.86 9.91a48 48 0 0 1-93.94 0c-1.25-5.92-6.82-9.91-12.86-9.91H157.4a13.4 13.4 0 0 0-13.4 13.4c0 25.69-19 48.75-44.67 50.49a47.5 47.5 0 0 1-41.54-19.15c-5.28-7.09-14.73-9.45-22.09-4.54l-28.57 16a16 16 0 0 0-5.44 20.47L104.24 416h303.52l102.55-211.37a16 16 0 0 0-5.44-20.47z\"><\/path><\/svg><\/div><\/div><div class=\"wpr-feature-list-content-wrap\"><h2 class=\"wpr-feature-list-title\"><a class=\"wpr-feature-list-url\" target=\"_blank\" rel=\"nofollow\">El productor de reinas<\/a><\/h2><p class=\"wpr-feature-list-description\">El producto de las reinas se pondr\u00e1 en contacto contigo para darte los detalles del pago y explicarte como recibir\u00e1s tus reinas ERBEL.\n\n<\/p><\/div><\/li><li class=\"wpr-feature-list-item elementor-repeater-item-6abb8ea\"><div class=\"wpr-feature-list-icon-wrap\"><span class=\"wpr-feature-list-line\"><\/span><div class=\"wpr-feature-list-icon-inner-wrap\"><svg aria-hidden=\"true\" class=\"e-font-icon-svg e-far-money-bill-alt\" viewbox=\"0 0 640 512\" xmlns=\"http:\/\/www.w3.org\/2000\/svg\"><path d=\"M320 144c-53.02 0-96 50.14-96 112 0 61.85 42.98 112 96 112 53 0 96-50.13 96-112 0-61.86-42.98-112-96-112zm40 168c0 4.42-3.58 8-8 8h-64c-4.42 0-8-3.58-8-8v-16c0-4.42 3.58-8 8-8h16v-55.44l-.47.31a7.992 7.992 0 0 1-11.09-2.22l-8.88-13.31a7.992 7.992 0 0 1 2.22-11.09l15.33-10.22a23.99 23.99 0 0 1 13.31-4.03H328c4.42 0 8 3.58 8 8v88h16c4.42 0 8 3.58 8 8v16zM608 64H32C14.33 64 0 78.33 0 96v320c0 17.67 14.33 32 32 32h576c17.67 0 32-14.33 32-32V96c0-17.67-14.33-32-32-32zm-16 272c-35.35 0-64 28.65-64 64H112c0-35.35-28.65-64-64-64V176c35.35 0 64-28.65 64-64h416c0 35.35 28.65 64 64 64v160z\"><\/path><\/svg><\/div><\/div><div class=\"wpr-feature-list-content-wrap\"><h2 class=\"wpr-feature-list-title\"><a class=\"wpr-feature-list-url\" target=\"_blank\" rel=\"nofollow\">Pago<\/a><\/h2><p class=\"wpr-feature-list-description\">Realiza el pago y recibe tus reinas!\n\n<\/p><\/div><\/li><\/ul><\/div>\t\t\t\t<\/div>\n\t\t\t\t<\/div>\n\t\t\t\t\t<\/div>\n\t\t<\/div>\n\t\t\t\t\t<\/div>\n\t\t<\/section>\n\t\t<div class=\"elementor-element elementor-element-1a38065 e-flex e-con-boxed wpr-particle-no wpr-jarallax-no wpr-parallax-no wpr-sticky-section-no wpr-equal-height-no e-con e-parent\" data-id=\"1a38065\" data-element_type=\"container\" data-e-type=\"container\" data-settings=\"{&quot;background_background&quot;:&quot;classic&quot;}\">\n\t\t\t\t\t<div class=\"e-con-inner\">\n\t\t<div class=\"elementor-element elementor-element-f8d7706 e-con-full e-flex wpr-particle-no wpr-jarallax-no wpr-parallax-no wpr-sticky-section-no wpr-equal-height-no e-con e-child\" data-id=\"f8d7706\" data-element_type=\"container\" data-e-type=\"container\">\n\t\t\t\t<div class=\"elementor-element elementor-element-bf9ea8d elementor-widget elementor-widget-image\" data-id=\"bf9ea8d\" data-element_type=\"widget\" data-e-type=\"widget\" data-widget_type=\"image.default\">\n\t\t\t\t<div class=\"elementor-widget-container\">\n\t\t\t\t\t\t\t\t\t\t\t\t\t\t\t<img decoding=\"async\" width=\"300\" height=\"288\" src=\"https:\/\/erreginak.eus\/wp-content\/uploads\/2024\/07\/apicultor-300x288.png\" class=\"attachment-medium size-medium wp-image-2681\" alt=\"\" srcset=\"https:\/\/erreginak.eus\/wp-content\/uploads\/2024\/07\/apicultor-300x288.png 300w, https:\/\/erreginak.eus\/wp-content\/uploads\/2024\/07\/apicultor.png 600w\" sizes=\"(max-width: 300px) 100vw, 300px\" \/>\t\t\t\t\t\t\t\t\t\t\t\t\t\t\t<\/div>\n\t\t\t\t<\/div>\n\t\t\t\t<\/div>\n\t\t<div class=\"elementor-element elementor-element-d8c97ab e-con-full e-flex wpr-particle-no wpr-jarallax-no wpr-parallax-no wpr-sticky-section-no wpr-equal-height-no e-con e-child\" data-id=\"d8c97ab\" data-element_type=\"container\" data-e-type=\"container\">\n\t\t<div class=\"elementor-element elementor-element-aec372c e-con-full e-flex wpr-particle-no wpr-jarallax-no wpr-parallax-no wpr-sticky-section-no wpr-equal-height-no e-con e-child\" data-id=\"aec372c\" data-element_type=\"container\" data-e-type=\"container\" data-settings=\"{&quot;background_background&quot;:&quot;classic&quot;}\">\n\t\t\t\t<div class=\"elementor-element elementor-element-67ae08eb elementor-widget elementor-widget-text-editor\" data-id=\"67ae08eb\" data-element_type=\"widget\" data-e-type=\"widget\" data-widget_type=\"text-editor.default\">\n\t\t\t\t<div class=\"elementor-widget-container\">\n\t\t\t\t\t\t\t\t\t<h2>IMPORTANTE!<\/h2><p>No prepares ning\u00fan enjambre hasta recibir la confirmaci\u00f3n del productor; \u00e9l te indicar\u00e1 cuando podr\u00e1s recibir las reinas.<\/p><p>Sigue siempre las instrucciones dadas por el productor, ya que son la garant\u00eda para obtener una mayor aceptaci\u00f3n y supervivencia de la reina.<\/p><p>Las reinas que han invernado se reciben en marzo y abril.<\/p>\t\t\t\t\t\t\t\t<\/div>\n\t\t\t\t<\/div>\n\t\t\t\t<\/div>\n\t\t\t\t<\/div>\n\t\t\t\t\t<\/div>\n\t\t\t\t<\/div>\n\t\t\t\t<\/div>","protected":false},"excerpt":{"rendered":"<p>Nola egin erosketa? Hautatu Joan PRODUKTUAK atalera eta hautatu erosi nahi duzuna. Saskiratu Aukeratu erreginaren jatorria bere identifikazio kodeari begiratuta, eta gehitu saskira. Jarraitu erosten Jarraitu erosi beharreko beste produktu edo erreginak saskiratzen. Saskia Joan saskira eta eman erosketa orrira joateko botoiari. Datuak Bete eskaria egiteko datuak, eta BIDALI ESKARIA. Ordainketa orria ekoizleari iritsiko zaio. Erregina ekoizlea Erreginaren ekoizlea zurekin harremanetan jarriko da; ordainketaren xehetasunak eman eta erregina nola jasoko azalduko dizu. Ordaindu Ordainketa egin eta erreginak jaso! Garrantzitsua! Ez itzazula prestatu erlekumeak ekoizlearen baieztapena jaso arte; berak esango dizu noizko izango dituzun erreginak. Jarraitu uneoro ekoizleak emango dizkizun jarraibideei, erreginen onarpenak eta biziraupena areagotzeko bermea dira eta. Negua pasatutako erreginak martxoan eta apirilean banatzen dira.<\/p>","protected":false},"author":1,"featured_media":0,"parent":0,"menu_order":0,"comment_status":"closed","ping_status":"closed","template":"","meta":{"_uag_custom_page_level_css":"","site-sidebar-layout":"default","site-content-layout":"","ast-site-content-layout":"default","site-content-style":"default","site-sidebar-style":"default","ast-global-header-display":"","ast-banner-title-visibility":"","ast-main-header-display":"","ast-hfb-above-header-display":"","ast-hfb-below-header-display":"","ast-hfb-mobile-header-display":"","site-post-title":"disabled","ast-breadcrumbs-content":"","ast-featured-img":"","footer-sml-layout":"","theme-transparent-header-meta":"","adv-header-id-meta":"","stick-header-meta":"","header-above-stick-meta":"","header-main-stick-meta":"","header-below-stick-meta":"","astra-migrate-meta-layouts":"set","ast-page-background-enabled":"default","ast-page-background-meta":{"desktop":{"background-color":"","background-image":"","background-repeat":"repeat","background-position":"center center","background-size":"auto","background-attachment":"scroll","background-type":"","background-media":"","overlay-type":"","overlay-color":"","overlay-opacity":"","overlay-gradient":""},"tablet":{"background-color":"","background-image":"","background-repeat":"repeat","background-position":"center center","background-size":"auto","background-attachment":"scroll","background-type":"","background-media":"","overlay-type":"","overlay-color":"","overlay-opacity":"","overlay-gradient":""},"mobile":{"background-color":"","background-image":"","background-repeat":"repeat","background-position":"center center","background-size":"auto","background-attachment":"scroll","background-type":"","background-media":"","overlay-type":"","overlay-color":"","overlay-opacity":"","overlay-gradient":""}},"ast-content-background-meta":{"desktop":{"background-color":"var(--ast-global-color-5)","background-image":"","background-repeat":"repeat","background-position":"center center","background-size":"auto","background-attachment":"scroll","background-type":"","background-media":"","overlay-type":"","overlay-color":"","overlay-opacity":"","overlay-gradient":""},"tablet":{"background-color":"var(--ast-global-color-5)","background-image":"","background-repeat":"repeat","background-position":"center center","background-size":"auto","background-attachment":"scroll","background-type":"","background-media":"","overlay-type":"","overlay-color":"","overlay-opacity":"","overlay-gradient":""},"mobile":{"background-color":"var(--ast-global-color-5)","background-image":"","background-repeat":"repeat","background-position":"center center","background-size":"auto","background-attachment":"scroll","background-type":"","background-media":"","overlay-type":"","overlay-color":"","overlay-opacity":"","overlay-gradient":""}},"footnotes":""},"class_list":["post-1057","page","type-page","status-publish","hentry"],"uagb_featured_image_src":{"full":false,"thumbnail":false,"medium":false,"medium_large":false,"large":false,"1536x1536":false,"2048x2048":false,"trp-custom-language-flag":false,"woocommerce_thumbnail":false,"woocommerce_single":false,"woocommerce_gallery_thumbnail":false},"uagb_author_info":{"display_name":"erreginak.eus-admin","author_link":"https:\/\/erreginak.eus\/cas\/author\/erreginak-eus-admin\/"},"uagb_comment_info":0,"uagb_excerpt":"Nola egin erosketa? Hautatu Joan PRODUKTUAK atalera eta hautatu erosi nahi duzuna. Saskiratu Aukeratu erreginaren jatorria bere identifikazio kodeari begiratuta, eta gehitu saskira. Jarraitu erosten Jarraitu erosi beharreko beste produktu edo erreginak saskiratzen. Saskia Joan saskira eta eman erosketa orrira joateko botoiari. Datuak Bete eskaria egiteko datuak, eta BIDALI ESKARIA. Ordainketa orria ekoizleari iritsiko zaio.&hellip;","_links":{"self":[{"href":"https:\/\/erreginak.eus\/cas\/wp-json\/wp\/v2\/pages\/1057","targetHints":{"allow":["GET"]}}],"collection":[{"href":"https:\/\/erreginak.eus\/cas\/wp-json\/wp\/v2\/pages"}],"about":[{"href":"https:\/\/erreginak.eus\/cas\/wp-json\/wp\/v2\/types\/page"}],"author":[{"embeddable":true,"href":"https:\/\/erreginak.eus\/cas\/wp-json\/wp\/v2\/users\/1"}],"replies":[{"embeddable":true,"href":"https:\/\/erreginak.eus\/cas\/wp-json\/wp\/v2\/comments?post=1057"}],"version-history":[{"count":80,"href":"https:\/\/erreginak.eus\/cas\/wp-json\/wp\/v2\/pages\/1057\/revisions"}],"predecessor-version":[{"id":2853,"href":"https:\/\/erreginak.eus\/cas\/wp-json\/wp\/v2\/pages\/1057\/revisions\/2853"}],"wp:attachment":[{"href":"https:\/\/erreginak.eus\/cas\/wp-json\/wp\/v2\/media?parent=1057"}],"curies":[{"name":"wp","href":"https:\/\/api.w.org\/{rel}","templated":true}]}}